{"id":1055,"date":"2025-10-08T11:09:46","date_gmt":"2025-10-08T09:09:46","guid":{"rendered":"https:\/\/liteksas.lt\/?page_id=1055"},"modified":"2025-10-08T11:26:36","modified_gmt":"2025-10-08T09:26:36","slug":"musu-isparduotuve","status":"publish","type":"page","link":"https:\/\/liteksas.lt\/lt\/musu-isparduotuve\/","title":{"rendered":"M\u016bs\u0173 i\u0161parduotuv\u0117"},"content":{"rendered":"\t\t<div data-elementor-type=\"wp-page\" data-elementor-id=\"1055\" class=\"elementor elementor-1055 elementor-998\">\n\t\t\t\t<div class=\"elementor-element elementor-element-95c1c7d e-flex e-con-boxed e-con e-parent\" data-id=\"95c1c7d\" data-element_type=\"container\">\n\t\t\t\t\t<div class=\"e-con-inner\">\n\t\t\t\t<div class=\"elementor-element elementor-element-793e4a9 elementor-widget elementor-widget-image\" data-id=\"793e4a9\" data-element_type=\"widget\" data-settings=\"{&quot;_animation&quot;:&quot;none&quot;}\" data-widget_type=\"image.default\">\n\t\t\t\t\t\t\t\t\t\t\t\t\t\t\t<img fetchpriority=\"high\" decoding=\"async\" width=\"1880\" height=\"767\" src=\"https:\/\/liteksas.lt\/wp-content\/uploads\/2025\/10\/outlet_liteksas.jpg\" class=\"attachment-full size-full wp-image-1006\" alt=\"\" srcset=\"https:\/\/liteksas.lt\/wp-content\/uploads\/2025\/10\/outlet_liteksas.jpg 1880w, https:\/\/liteksas.lt\/wp-content\/uploads\/2025\/10\/outlet_liteksas-300x122.jpg 300w, https:\/\/liteksas.lt\/wp-content\/uploads\/2025\/10\/outlet_liteksas-1024x418.jpg 1024w, https:\/\/liteksas.lt\/wp-content\/uploads\/2025\/10\/outlet_liteksas-768x313.jpg 768w, https:\/\/liteksas.lt\/wp-content\/uploads\/2025\/10\/outlet_liteksas-1536x627.jpg 1536w\" sizes=\"(max-width: 1880px) 100vw, 1880px\" \/>\t\t\t\t\t\t\t\t\t\t\t\t\t\t\t<\/div>\n\t\t\t\t\t<\/div>\n\t\t\t\t<\/div>\n\t\t<div class=\"elementor-element elementor-element-9a64441 e-con-full e-flex e-con e-parent\" data-id=\"9a64441\" data-element_type=\"container\" data-settings=\"{&quot;animation&quot;:&quot;none&quot;}\">\n\t\t\t\t<div class=\"elementor-element elementor-element-95b99af elementor-widget elementor-widget-text-editor\" data-id=\"95b99af\" data-element_type=\"widget\" data-widget_type=\"text-editor.default\">\n\t\t\t\t\t\t\t\t\t<p>\u201eLiteksas\u201c\u2013 gaminame auk\u0161tos kokyb\u0117s tekstil\u0119 nuo 1927 m.<br \/><br \/>I\u0161parduotuv\u0117je rasite vilnoni\u0173 pled\u0173, \u0161alik\u0173 ir u\u017etiesal\u0173 i\u0161 merino, ka\u0161myro, alpakos vilnos, lino bei medviln\u0117s \u2013 viskas u\u017e specialias kainas.<\/p><p>Tiesiai i\u0161 gamintojo \u2013 nat\u016bralu, \u0161ilta ir ilgaam\u017ei\u0161ka.<\/p>\t\t\t\t\t\t\t\t<\/div>\n\t\t\t\t<\/div>\n\t\t<div class=\"elementor-element elementor-element-76c1365 e-con-full e-flex e-con e-parent\" data-id=\"76c1365\" data-element_type=\"container\" data-settings=\"{&quot;background_background&quot;:&quot;classic&quot;,&quot;animation&quot;:&quot;none&quot;}\">\n\t\t<div class=\"elementor-element elementor-element-8ac4bac e-con-full e-flex e-con e-child\" data-id=\"8ac4bac\" data-element_type=\"container\">\n\t\t\t\t<div class=\"elementor-element elementor-element-17c4247 elementor-view-default elementor-widget elementor-widget-icon\" data-id=\"17c4247\" data-element_type=\"widget\" data-widget_type=\"icon.default\">\n\t\t\t\t\t\t\t<div class=\"elementor-icon-wrapper\">\n\t\t\t<div class=\"elementor-icon\">\n\t\t\t<svg aria-hidden=\"true\" class=\"e-font-icon-svg e-fas-map-marker-alt\" viewBox=\"0 0 384 512\" xmlns=\"http:\/\/www.w3.org\/2000\/svg\"><path d=\"M172.268 501.67C26.97 291.031 0 269.413 0 192 0 85.961 85.961 0 192 0s192 85.961 192 192c0 77.413-26.97 99.031-172.268 309.67-9.535 13.774-29.93 13.773-39.464 0zM192 272c44.183 0 80-35.817 80-80s-35.817-80-80-80-80 35.817-80 80 35.817 80 80 80z\"><\/path><\/svg>\t\t\t<\/div>\n\t\t<\/div>\n\t\t\t\t\t\t<\/div>\n\t\t\t\t<div class=\"elementor-element elementor-element-2895ab9 elementor-widget elementor-widget-text-editor\" data-id=\"2895ab9\" data-element_type=\"widget\" data-widget_type=\"text-editor.default\">\n\t\t\t\t\t\t\t\t\t<p>Apsilankykite pas mus:<br data-start=\"64\" data-end=\"67\" \/>Draugyst\u0117s g. 16,<br data-start=\"84\" data-end=\"87\" \/>Kaunas, Lithuania<\/p>\t\t\t\t\t\t\t\t<\/div>\n\t\t\t\t<\/div>\n\t\t<div class=\"elementor-element elementor-element-2076404 e-con-full e-flex e-con e-child\" data-id=\"2076404\" data-element_type=\"container\">\n\t\t\t\t<div class=\"elementor-element elementor-element-38a996d elementor-view-default elementor-widget elementor-widget-icon\" data-id=\"38a996d\" data-element_type=\"widget\" data-widget_type=\"icon.default\">\n\t\t\t\t\t\t\t<div class=\"elementor-icon-wrapper\">\n\t\t\t<div class=\"elementor-icon\">\n\t\t\t<svg aria-hidden=\"true\" class=\"e-font-icon-svg e-fas-clock\" viewBox=\"0 0 512 512\" xmlns=\"http:\/\/www.w3.org\/2000\/svg\"><path d=\"M256,8C119,8,8,119,8,256S119,504,256,504,504,393,504,256,393,8,256,8Zm92.49,313h0l-20,25a16,16,0,0,1-22.49,2.5h0l-67-49.72a40,40,0,0,1-15-31.23V112a16,16,0,0,1,16-16h32a16,16,0,0,1,16,16V256l58,42.5A16,16,0,0,1,348.49,321Z\"><\/path><\/svg>\t\t\t<\/div>\n\t\t<\/div>\n\t\t\t\t\t\t<\/div>\n\t\t\t\t<div class=\"elementor-element elementor-element-17fca41 elementor-widget elementor-widget-text-editor\" data-id=\"17fca41\" data-element_type=\"widget\" data-widget_type=\"text-editor.default\">\n\t\t\t\t\t\t\t\t\t<p>Darbo laikas:<br \/>Antradienis \u2013 Penktadienis | 10:30 \u2013 17:30<br \/>\u0160e\u0161tadienis | 10:00 \u2013 15:00<br \/>Piet\u0173 pertrauka: 13:00-13:30<\/p>\t\t\t\t\t\t\t\t<\/div>\n\t\t\t\t<\/div>\n\t\t\t\t<\/div>\n\t\t<div class=\"elementor-element elementor-element-2496d71 e-con-full e-flex e-con e-parent\" data-id=\"2496d71\" data-element_type=\"container\" data-settings=\"{&quot;animation&quot;:&quot;none&quot;,&quot;background_background&quot;:&quot;classic&quot;}\">\n\t\t\t\t<div class=\"elementor-element elementor-element-4872a60 elementor-widget elementor-widget-google_maps\" data-id=\"4872a60\" data-element_type=\"widget\" data-widget_type=\"google_maps.default\">\n\t\t\t\t\t\t\t<div class=\"elementor-custom-embed\">\n\t\t\t<iframe loading=\"lazy\"\n\t\t\t\t\tsrc=\"https:\/\/maps.google.com\/maps?q=liteksas%20outlet&#038;t=m&#038;z=15&#038;output=embed&#038;iwloc=near\"\n\t\t\t\t\ttitle=\"liteksas outlet\"\n\t\t\t\t\taria-label=\"liteksas outlet\"\n\t\t\t><\/iframe>\n\t\t<\/div>\n\t\t\t\t\t\t<\/div>\n\t\t\t\t<\/div>\n\t\t<div class=\"elementor-element elementor-element-870996d e-flex e-con-boxed e-con e-parent\" data-id=\"870996d\" data-element_type=\"container\" data-settings=\"{&quot;animation&quot;:&quot;none&quot;}\">\n\t\t\t\t\t<div class=\"e-con-inner\">\n\t\t<div class=\"elementor-element elementor-element-d6b5073 e-flex e-con-boxed e-con e-child\" data-id=\"d6b5073\" data-element_type=\"container\">\n\t\t\t\t\t<div class=\"e-con-inner\">\n\t\t\t\t\t<\/div>\n\t\t\t\t<\/div>\n\t\t<div class=\"elementor-element elementor-element-3a4f004 e-flex e-con-boxed e-con e-child\" data-id=\"3a4f004\" data-element_type=\"container\">\n\t\t\t\t\t<div class=\"e-con-inner\">\n\t\t\t\t<div class=\"elementor-element elementor-element-8cdfeb8 elementor-widget elementor-widget-text-editor\" data-id=\"8cdfeb8\" data-element_type=\"widget\" data-widget_type=\"text-editor.default\">\n\t\t\t\t\t\t\t\t\t<p>Sekite mus<\/p>\t\t\t\t\t\t\t\t<\/div>\n\t\t\t\t<div class=\"elementor-element elementor-element-61c5c9a elementor-shape-rounded elementor-grid-0 e-grid-align-center elementor-widget elementor-widget-social-icons\" data-id=\"61c5c9a\" data-element_type=\"widget\" data-widget_type=\"social-icons.default\">\n\t\t\t\t\t\t\t<div class=\"elementor-social-icons-wrapper elementor-grid\">\n\t\t\t\t\t\t\t<span class=\"elementor-grid-item\">\n\t\t\t\t\t<a class=\"elementor-icon elementor-social-icon elementor-social-icon-facebook elementor-repeater-item-a355c2c\" href=\"https:\/\/www.facebook.com\/profile.php?id=61550703705796\" target=\"_blank\">\n\t\t\t\t\t\t<span class=\"elementor-screen-only\">Facebook<\/span>\n\t\t\t\t\t\t<svg aria-hidden=\"true\" class=\"e-font-icon-svg e-fab-facebook\" viewBox=\"0 0 512 512\" xmlns=\"http:\/\/www.w3.org\/2000\/svg\"><path d=\"M504 256C504 119 393 8 256 8S8 119 8 256c0 123.78 90.69 226.38 209.25 245V327.69h-63V256h63v-54.64c0-62.15 37-96.48 93.67-96.48 27.14 0 55.52 4.84 55.52 4.84v61h-31.28c-30.8 0-40.41 19.12-40.41 38.73V256h68.78l-11 71.69h-57.78V501C413.31 482.38 504 379.78 504 256z\"><\/path><\/svg>\t\t\t\t\t<\/a>\n\t\t\t\t<\/span>\n\t\t\t\t\t<\/div>\n\t\t\t\t\t\t<\/div>\n\t\t\t\t\t<\/div>\n\t\t\t\t<\/div>\n\t\t<div class=\"elementor-element elementor-element-d46b63c e-flex e-con-boxed e-con e-child\" data-id=\"d46b63c\" data-element_type=\"container\">\n\t\t\t\t\t<div class=\"e-con-inner\">\n\t\t\t\t\t<\/div>\n\t\t\t\t<\/div>\n\t\t\t\t\t<\/div>\n\t\t\t\t<\/div>\n\t\t<div class=\"elementor-element elementor-element-3f9134a e-flex e-con-boxed e-con e-parent\" data-id=\"3f9134a\" data-element_type=\"container\">\n\t\t\t\t\t<div class=\"e-con-inner\">\n\t\t\t\t<div class=\"elementor-element elementor-element-5adbdf5 elementor-widget elementor-widget-image\" data-id=\"5adbdf5\" data-element_type=\"widget\" data-settings=\"{&quot;_animation&quot;:&quot;none&quot;}\" data-widget_type=\"image.default\">\n\t\t\t\t\t\t\t\t\t\t\t\t\t\t\t<img decoding=\"async\" width=\"1543\" height=\"642\" src=\"https:\/\/liteksas.lt\/wp-content\/uploads\/2025\/10\/outlet_liteksas2.jpg\" class=\"attachment-full size-full wp-image-1008\" alt=\"\" srcset=\"https:\/\/liteksas.lt\/wp-content\/uploads\/2025\/10\/outlet_liteksas2.jpg 1543w, https:\/\/liteksas.lt\/wp-content\/uploads\/2025\/10\/outlet_liteksas2-300x125.jpg 300w, https:\/\/liteksas.lt\/wp-content\/uploads\/2025\/10\/outlet_liteksas2-1024x426.jpg 1024w, https:\/\/liteksas.lt\/wp-content\/uploads\/2025\/10\/outlet_liteksas2-768x320.jpg 768w, https:\/\/liteksas.lt\/wp-content\/uploads\/2025\/10\/outlet_liteksas2-1536x639.jpg 1536w\" sizes=\"(max-width: 1543px) 100vw, 1543px\" \/>\t\t\t\t\t\t\t\t\t\t\t\t\t\t\t<\/div>\n\t\t\t\t\t<\/div>\n\t\t\t\t<\/div>\n\t\t\t\t<\/div>\n\t\t","protected":false},"excerpt":{"rendered":"<p>\u201eLiteksas\u201c\u2013 gaminame auk\u0161tos kokyb\u0117s tekstil\u0119 nuo 1927 m. I\u0161parduotuv\u0117je rasite vilnoni\u0173 pled\u0173, \u0161alik\u0173 ir u\u017etiesal\u0173 i\u0161 merino, ka\u0161myro, alpakos vilnos, lino bei medviln\u0117s \u2013 viskas u\u017e specialias kainas. Tiesiai i\u0161 gamintojo \u2013 nat\u016bralu, \u0161ilta ir ilgaam\u017ei\u0161ka. Apsilankykite pas mus:Draugyst\u0117s g. 16,Kaunas, Lithuania Darbo laikas:Antradienis \u2013 Penktadienis | 10:30 \u2013 17:30\u0160e\u0161tadienis | 10:00 \u2013 15:00Piet\u0173 pertrauka: [&hellip;]<\/p>\n","protected":false},"author":3,"featured_media":0,"parent":0,"menu_order":0,"comment_status":"closed","ping_status":"closed","template":"","meta":{"_acf_changed":false,"footnotes":""},"class_list":["post-1055","page","type-page","status-publish","hentry"],"acf":[],"_links":{"self":[{"href":"https:\/\/liteksas.lt\/lt\/wp-json\/wp\/v2\/pages\/1055","targetHints":{"allow":["GET"]}}],"collection":[{"href":"https:\/\/liteksas.lt\/lt\/wp-json\/wp\/v2\/pages"}],"about":[{"href":"https:\/\/liteksas.lt\/lt\/wp-json\/wp\/v2\/types\/page"}],"author":[{"embeddable":true,"href":"https:\/\/liteksas.lt\/lt\/wp-json\/wp\/v2\/users\/3"}],"replies":[{"embeddable":true,"href":"https:\/\/liteksas.lt\/lt\/wp-json\/wp\/v2\/comments?post=1055"}],"version-history":[{"count":7,"href":"https:\/\/liteksas.lt\/lt\/wp-json\/wp\/v2\/pages\/1055\/revisions"}],"predecessor-version":[{"id":1063,"href":"https:\/\/liteksas.lt\/lt\/wp-json\/wp\/v2\/pages\/1055\/revisions\/1063"}],"wp:attachment":[{"href":"https:\/\/liteksas.lt\/lt\/wp-json\/wp\/v2\/media?parent=1055"}],"curies":[{"name":"wp","href":"https:\/\/api.w.org\/{rel}","templated":true}]}}