{"id":583,"date":"2020-05-12T12:11:42","date_gmt":"2020-05-12T10:11:42","guid":{"rendered":"https:\/\/liteksas.lt\/?page_id=583"},"modified":"2020-09-07T07:16:58","modified_gmt":"2020-09-07T05:16:58","slug":"apie-mus","status":"publish","type":"page","link":"https:\/\/liteksas.lt\/lt\/apie-mus\/","title":{"rendered":"Apie mus"},"content":{"rendered":"<p>Liteksas \u2013 istorin\u0117 tekstil\u0117s \u012fmon\u0117, \u012fkurta 1927 metais. \u012emon\u0117 spar\u010diai augo, did\u0117jo gamybos apimtys, buvo statomi nauji priestatai su sandeliais, bet tuometiniai \u012fvykiai pasaulyje, Lietuvos nepriklausomyb\u0117s praradimas, Antrasis Pasaulinis karas \u012fmon\u0117s veikl\u0105 pristabd\u0117. Pasibaigus karui ji buvo atkurta suteikus Vilnoni\u0173 Audini\u0173 Fabriko \u2019\u2019Liteksas\u2019\u2019 vard\u0105.<\/p>\n<p>1970 metais lapkrit\u012f tuometin\u0117s Lietuvos TSR Lengvosios pramon\u0117s ministro \u012fsakymu vilnos pramon\u0117s fabrik\u0173 \u2018\u2019Liteksas\u2019\u2019 ir \u2018\u2019Spartuolis\u2019\u2019 baz\u0117je sukurtas vilnos pramon\u0117s \u012fmoni\u0173 susivienijimas \u2019\u2019Liteksas\u2019\u2019 (atskiriant fillialinius fabrikus \u012f atskirus juridinius vienetus).<\/p>\n<p>1993 metais Akcin\u0117 Bendrov\u0117 \u2018\u2019Liteksas\u2019\u2019 buvo perregistruota \u012f bendr\u0105 Lietuvos \u2013 Vokietijos \u012fmon\u0119 \u2018\u2019Liteksas ir Calw\u2019\u2019. Tuo metu m\u016bs\u0173 gamini\u0173 asortiment\u0105 prapl\u0117t\u0117 pledai ir apklotai.<\/p>\n<p>2000 metais bir\u017eel\u012f \u012fmon\u0119 nupirko svarbiausia Italijos tekstil\u0117s\/r\u016bb\u0173 gamintoj\u0173 grup\u0117 &#8211; <a href=\"https:\/\/www.marzottogroup.it\/en\/\"><strong>Marzotto Group<\/strong><\/a>. Itali\u0161ka \u2013 lietuvi\u0161ka integracija tur\u0117jo \u012ftakos stiliui, gamybai ir kokyb\u0117s u\u017etikrinimui.<\/p>\n<hr \/>\n<p style=\"text-align: center;\"><strong>M\u016bs\u0173 gaminiai yra pagaminami pagal kliento poreik\u012f ir ne tik kokybi\u0161ki, bet ir i\u0161skirtinio dizaino, originali\u0173 spalv\u0173 bei dar pla\u010diau \u017einomi pasaulin\u0117je rinkoje. <\/strong><\/p>\n<p style=\"text-align: center;\"><strong>Esame stambiausi vilnoni\u0173 audini\u0173 gamintojai Europoje.<\/strong><\/p>\n<hr \/>\n<p>Panaudodami modernias technologijas ir \u012frengimus gaminame pledus, apklotus bei \u0161alikus i\u0161 pa\u010di\u0173 geriausi\u0173 nat\u016brali\u0173 pluo\u0161t\u0173: \u0117riuko vilnos, ka\u0161myro, merino bei alpakos.<\/p>\n","protected":false},"excerpt":{"rendered":"<p>Liteksas \u2013 istorin\u0117 tekstil\u0117s \u012fmon\u0117, \u012fkurta 1927 metais. \u012emon\u0117 spar\u010diai augo, did\u0117jo gamybos apimtys, buvo statomi nauji priestatai su sandeliais, bet tuometiniai \u012fvykiai pasaulyje, Lietuvos nepriklausomyb\u0117s praradimas, Antrasis Pasaulinis karas \u012fmon\u0117s veikl\u0105 pristabd\u0117. Pasibaigus karui ji buvo atkurta suteikus Vilnoni\u0173 Audini\u0173 Fabriko \u2019\u2019Liteksas\u2019\u2019 vard\u0105. 1970 metais lapkrit\u012f tuometin\u0117s Lietuvos TSR Lengvosios pramon\u0117s ministro \u012fsakymu vilnos [&hellip;]<\/p>\n","protected":false},"author":3,"featured_media":738,"parent":0,"menu_order":0,"comment_status":"closed","ping_status":"closed","template":"templates\/about-template.php","meta":{"_acf_changed":false,"footnotes":""},"class_list":["post-583","page","type-page","status-publish","has-post-thumbnail","hentry"],"acf":[],"_links":{"self":[{"href":"https:\/\/liteksas.lt\/lt\/wp-json\/wp\/v2\/pages\/583","targetHints":{"allow":["GET"]}}],"collection":[{"href":"https:\/\/liteksas.lt\/lt\/wp-json\/wp\/v2\/pages"}],"about":[{"href":"https:\/\/liteksas.lt\/lt\/wp-json\/wp\/v2\/types\/page"}],"author":[{"embeddable":true,"href":"https:\/\/liteksas.lt\/lt\/wp-json\/wp\/v2\/users\/3"}],"replies":[{"embeddable":true,"href":"https:\/\/liteksas.lt\/lt\/wp-json\/wp\/v2\/comments?post=583"}],"version-history":[{"count":8,"href":"https:\/\/liteksas.lt\/lt\/wp-json\/wp\/v2\/pages\/583\/revisions"}],"predecessor-version":[{"id":771,"href":"https:\/\/liteksas.lt\/lt\/wp-json\/wp\/v2\/pages\/583\/revisions\/771"}],"wp:featuredmedia":[{"embeddable":true,"href":"https:\/\/liteksas.lt\/lt\/wp-json\/wp\/v2\/media\/738"}],"wp:attachment":[{"href":"https:\/\/liteksas.lt\/lt\/wp-json\/wp\/v2\/media?parent=583"}],"curies":[{"name":"wp","href":"https:\/\/api.w.org\/{rel}","templated":true}]}}