{"id":587,"date":"2019-05-23T06:32:23","date_gmt":"2019-05-23T04:32:23","guid":{"rendered":"https:\/\/liteksas.lt\/apie-mus\/about-us-block-2\/"},"modified":"2020-09-04T11:50:15","modified_gmt":"2020-09-04T09:50:15","slug":"apie-mus-block-2","status":"publish","type":"page","link":"https:\/\/liteksas.lt\/lt\/apie-mus\/apie-mus-block-2\/","title":{"rendered":"Apie mus &#8211; block 2"},"content":{"rendered":"<p>Esame vertikaliai integruota gamybos \u012fmon\u0117, i\u0161laikanti auk\u0161\u010diausi\u0105 pozicij\u0105 vilnos tekstil\u0117s rinkoje. Vertikali gamybos strategija suteikia mums nuolatin\u0119 prieig\u0105 prie komponent\u0173 ir \u017ealiav\u0173, kurie padeda u\u017etikrinti j\u016bs\u0173 norimo gaminio dizain\u0105 ir auk\u0161\u010diausi\u0105 kokyb\u0119. Atsakingai kontroliuojame gamybos ir paskirstymo procesus, siekdami u\u017etikrinti, kad gatavas produktas b\u016bt\u0173 auk\u0161\u010diausios kokyb\u0117s ir laiku pasiekt\u0173 klient\u0105.<\/p>\n<p>Visas operacijas atlieka specializuotas personalas, naudodamas auk\u0161\u010diausio lygio technologijas.<\/p>\n<hr \/>\n<p style=\"text-align: center;\"><strong>Auk\u0161\u010diausios kokyb\u0117s nat\u016bral\u016bs pluo\u0161tai, kruop\u0161tus d\u0117mesys detal\u0117ms ir auk\u0161\u010diausios klas\u0117s klient\u0173 aptarnavimas yra m\u016bs\u0173 stipryb\u0117s\u00a0<\/strong><\/p>\n<hr \/>\n<p>&nbsp;<\/p>\n","protected":false},"excerpt":{"rendered":"<p>Esame vertikaliai integruota gamybos \u012fmon\u0117, i\u0161laikanti auk\u0161\u010diausi\u0105 pozicij\u0105 vilnos tekstil\u0117s rinkoje. Vertikali gamybos strategija suteikia mums nuolatin\u0119 prieig\u0105 prie komponent\u0173 ir \u017ealiav\u0173, kurie padeda u\u017etikrinti j\u016bs\u0173 norimo gaminio dizain\u0105 ir auk\u0161\u010diausi\u0105 kokyb\u0119. Atsakingai kontroliuojame gamybos ir paskirstymo procesus, siekdami u\u017etikrinti, kad gatavas produktas b\u016bt\u0173 auk\u0161\u010diausios kokyb\u0117s ir laiku pasiekt\u0173 klient\u0105. Visas operacijas atlieka specializuotas personalas, [&hellip;]<\/p>\n","protected":false},"author":3,"featured_media":742,"parent":583,"menu_order":0,"comment_status":"closed","ping_status":"closed","template":"","meta":{"_acf_changed":false,"footnotes":""},"class_list":["post-587","page","type-page","status-publish","has-post-thumbnail","hentry"],"acf":[],"_links":{"self":[{"href":"https:\/\/liteksas.lt\/lt\/wp-json\/wp\/v2\/pages\/587","targetHints":{"allow":["GET"]}}],"collection":[{"href":"https:\/\/liteksas.lt\/lt\/wp-json\/wp\/v2\/pages"}],"about":[{"href":"https:\/\/liteksas.lt\/lt\/wp-json\/wp\/v2\/types\/page"}],"author":[{"embeddable":true,"href":"https:\/\/liteksas.lt\/lt\/wp-json\/wp\/v2\/users\/3"}],"replies":[{"embeddable":true,"href":"https:\/\/liteksas.lt\/lt\/wp-json\/wp\/v2\/comments?post=587"}],"version-history":[{"count":3,"href":"https:\/\/liteksas.lt\/lt\/wp-json\/wp\/v2\/pages\/587\/revisions"}],"predecessor-version":[{"id":753,"href":"https:\/\/liteksas.lt\/lt\/wp-json\/wp\/v2\/pages\/587\/revisions\/753"}],"up":[{"embeddable":true,"href":"https:\/\/liteksas.lt\/lt\/wp-json\/wp\/v2\/pages\/583"}],"wp:featuredmedia":[{"embeddable":true,"href":"https:\/\/liteksas.lt\/lt\/wp-json\/wp\/v2\/media\/742"}],"wp:attachment":[{"href":"https:\/\/liteksas.lt\/lt\/wp-json\/wp\/v2\/media?parent=587"}],"curies":[{"name":"wp","href":"https:\/\/api.w.org\/{rel}","templated":true}]}}